{"id":10602,"date":"2018-12-10T10:29:41","date_gmt":"2018-12-10T10:29:41","guid":{"rendered":"https:\/\/urbanprocosmetics.com\/?post_type=product&#038;p=10602"},"modified":"2020-06-19T18:45:46","modified_gmt":"2020-06-19T18:45:46","slug":"urban-pro-builder-gel-nail-extension-cover-dark-5g","status":"publish","type":"product","link":"https:\/\/urbanprocosmetics.com\/en\/proizvodi\/%e2%80%a2-nails\/uv-led-builder-gels\/urban-pro-builder-gel-nail-extension-cover-dark-5g\/","title":{"rendered":"Urban Pro &#8211; Builder Gel nail extension COVER DARK 5g"},"content":{"rendered":"<p><strong>Urban Pro Builder Gel\u00a0<\/strong>\u00a0<span class=\"hps\">were created<\/span>\u00a0<span class=\"hps\">by<\/span>\u00a0<span class=\"hps\">the modern<\/span>\u00a0<span class=\"hps\">recipe<\/span>\u00a0<span class=\"hps\">that produces<\/span>\u00a0<span class=\"hps\">an extremely<\/span>\u00a0<span class=\"hps\">durable<\/span>\u00a0<span class=\"hps\">polymer chains<\/span>\u00a0<span class=\"hps\">gel mass<\/span>.\u00a0<span class=\"hps\">The appropriate<\/span>\u00a0<span class=\"hps\">alignment of the particles<\/span>\u00a0<span class=\"hps\">makes the<\/span>\u00a0<span class=\"hps\">mass<\/span>\u00a0<span class=\"hps\">strong and<\/span>\u00a0<span class=\"hps\">flexible<\/span>\u00a0<span class=\"hps\">at the same time<\/span>\u00a0with<span class=\"hps\">\u00a0a very<\/span>\u00a0<span class=\"hps\">good adhesion<\/span>\u00a0<span class=\"hps\">to both the<\/span>\u00a0<span class=\"hps\">tips<\/span>\u00a0<span class=\"hps\">and to the<\/span>\u00a0<span class=\"hps\">natural nail<\/span>.<\/p>\n<p><span id=\"result_box\" lang=\"en\"><span title=\"Kiedy \u017cel wymieszamy troszeczk\u0119 wcze\u015bniej ni\u017c tu\u017c przed na\u0142o\u017ceniem, to nie musimy si\u0119 martwi\u0107, \u017ce pozostan\u0105 p\u0119cherzyki (w kwestii estetycznej - przy brokacie b\u0105belki s\u0105 prawie niewidoczne przy odpowiedniej aplikacji).\"><span class=\"hps\"><strong>HOW TO USE<\/strong>:<\/span>\u00a0<span class=\"hps\">spread the<\/span>\u00a0<span class=\"hps\">gel<\/span>\u00a0<span class=\"hps\">on the nail plate<\/span>, cure in\u00a0<span class=\"hps\">UV<\/span>\u00a0lamp<span class=\"hps\">\u00a0of<\/span>\u00a0<span class=\"hps\">36<\/span>\u00a0<span class=\"hps\">watts<\/span>\u00a0<span class=\"hps\">for 2 min<\/span>.<\/span><\/span><\/p>\n","protected":false},"excerpt":{"rendered":"<p><strong><span class=\"hps\">Urban Pro Builder Gel COVER DARK<\/span><\/strong>\u00a0<span class=\"hps\">UV gel<\/span>\u00a0<span class=\"hps\">is<\/span>\u00a0<span class=\"hps\">masking<\/span>\u00a0<span class=\"hps\">a dark<\/span>\u00a0<span class=\"hps\">coloring<\/span>\u00a0<span class=\"hps\">of pink<\/span>\u00a0<span class=\"hps\">flesh<\/span>.\u00a0<span class=\"hps\">Very<\/span>\u00a0<span class=\"hps\">well suited for<\/span>\u00a0<span class=\"hps alt-edited\">people with<\/span>\u00a0<span class=\"hps\">dark complexion<\/span>.\u00a0<span class=\"hps\">Medium density<\/span>\u00a0<span class=\"hps\">gel<\/span>.\u00a0<span class=\"hps\">Very well<\/span>\u00a0<span class=\"hps\">leveled<\/span>\u00a0<span class=\"hps alt-edited\">on a plane<\/span>\u00a0<span class=\"hps\">of the nail.<\/span>\u00a0<span class=\"hps\">Gives natural<\/span>\u00a0<span class=\"hps\">color,<\/span>\u00a0<span class=\"hps\">perfectly<\/span>\u00a0<span class=\"hps\">camouflages<\/span>\u00a0<span class=\"hps\">plate and<\/span>\u00a0<span class=\"hps\">visually lengthens<\/span>\u00a0<span class=\"hps\">your nails<\/span>.\u00a0<span class=\"hps\">The gel<\/span>\u00a0<span class=\"hps\">perfectly<\/span>\u00a0<span class=\"hps\">conceals<\/span>\u00a0<span class=\"hps\">blemishes and<\/span>\u00a0<span class=\"hps\">imperfections.<\/span>\u00a0<span class=\"hps\">You can<\/span>\u00a0<span class=\"hps\">connect<\/span>\u00a0<span class=\"hps\">seamlessly with<\/span>\u00a0<span class=\"hps\">other<\/span>\u00a0<span class=\"hps\">gels<\/span>.<\/p>\n","protected":false},"author":6,"featured_media":16660,"comment_status":"open","ping_status":"closed","template":"","meta":[],"product_cat":[592,599],"product_tag":[],"aioseo_notices":[],"_links":{"self":[{"href":"https:\/\/urbanprocosmetics.com\/en\/wp-json\/wp\/v2\/product\/10602"}],"collection":[{"href":"https:\/\/urbanprocosmetics.com\/en\/wp-json\/wp\/v2\/product"}],"about":[{"href":"https:\/\/urbanprocosmetics.com\/en\/wp-json\/wp\/v2\/types\/product"}],"author":[{"embeddable":true,"href":"https:\/\/urbanprocosmetics.com\/en\/wp-json\/wp\/v2\/users\/6"}],"replies":[{"embeddable":true,"href":"https:\/\/urbanprocosmetics.com\/en\/wp-json\/wp\/v2\/comments?post=10602"}],"wp:featuredmedia":[{"embeddable":true,"href":"https:\/\/urbanprocosmetics.com\/en\/wp-json\/wp\/v2\/media\/16660"}],"wp:attachment":[{"href":"https:\/\/urbanprocosmetics.com\/en\/wp-json\/wp\/v2\/media?parent=10602"}],"wp:term":[{"taxonomy":"product_cat","embeddable":true,"href":"https:\/\/urbanprocosmetics.com\/en\/wp-json\/wp\/v2\/product_cat?post=10602"},{"taxonomy":"product_tag","embeddable":true,"href":"https:\/\/urbanprocosmetics.com\/en\/wp-json\/wp\/v2\/product_tag?post=10602"}],"curies":[{"name":"wp","href":"https:\/\/api.w.org\/{rel}","templated":true}]}}