{"id":10607,"date":"2018-12-10T10:57:06","date_gmt":"2018-12-10T10:57:06","guid":{"rendered":"https:\/\/urbanprocosmetics.com\/?post_type=product&#038;p=10607"},"modified":"2018-12-10T10:57:06","modified_gmt":"2018-12-10T10:57:06","slug":"urban-pro-builder-gel-nail-extension-clear-50g","status":"publish","type":"product","link":"https:\/\/urbanprocosmetics.com\/en\/proizvodi\/%e2%80%a2-nails\/uv-led-builder-gels\/urban-pro-builder-gel-nail-extension-clear-50g\/","title":{"rendered":"Urban Pro &#8211; Builder gel nail extension CLEAR 50g"},"content":{"rendered":"<p><span id=\"result_box\" lang=\"en\"><span title=\"SPOS\u00d3B U\u017bYCIA: rozprowadzi\u0107 \u017cel na p\u0142ytce paznokcia i utwardzi\u0107 w lampie UV o mocy 36 Watt przez 2 min.\"><strong>HOW TO USE:<\/strong>\u00a0spread the gel on the nail plate and cure in a UV lamp with power of 36 watts for 2 min.\u00a0<span title=\"Wierzchnia warstwa po przetarciu nie wymaga dodatkowego nab\u0142yszczania. \">The top layer after wiping does not require additional polishing.<\/span><\/span><\/span><\/p>\n<p><span id=\"result_box\" class=\"hps\" lang=\"en\"><span class=\"hps\"><b>Urban Pro Builder Gel<\/b> is<\/span>\u00a0<span class=\"hps\">a single-phase<\/span>\u00a0<span class=\"hps\">line<\/span>,\u00a0<span class=\"hps\">which thanks to<\/span>\u00a0<span class=\"hps\">the development<\/span>\u00a0from the\u00a0<span class=\"hps\">best<\/span>\u00a0<span class=\"hps\">products<\/span>\u00a0<span class=\"hps\">combined<\/span>\u00a0<span class=\"hps\">in the right proportions<\/span>, it can\u00a0<span class=\"hps\">be used<\/span>\u00a0<span class=\"hps\">in<\/span>\u00a0<span class=\"hps\">a three-phase<\/span>\u00a0<span class=\"hps\">process<\/span>.\u00a0<span class=\"hps\">Thanks<\/span>\u00a0to it\u00a0<span id=\"result_box\" lang=\"en\"><span class=\"hps\">used<\/span><\/span>\u00a0<span class=\"hps\">decorations<\/span>\u00a0\u00a0<span class=\"hps\">will<\/span>\u00a0<span class=\"hps\">last longer<\/span>, and we will\u00a0<span class=\"hps\">longer<\/span><span class=\"hps\">enjoy<\/span>\u00a0<span class=\"hps\">their<\/span>\u00a0<span class=\"hps\">intensity.<\/span><br \/>\n<\/span><\/p>\n<p><span id=\"result_box\" lang=\"en\"><span class=\"hps\">The first step<\/span>\u00a0<span class=\"hps\">is a gel<\/span>\u00a0<span class=\"hps alt-edited\">underlay<\/span>\u00a0<span class=\"hps\">(e.g.<\/span>\u00a0Urban Pro<strong>\u00a0<span class=\"hps\">Bonder<\/span><\/strong>) that\u00a0<span class=\"hps\">increases the<\/span>\u00a0<span class=\"hps\">adhesion of<\/span>\u00a0<span class=\"hps\">the gel<\/span>\u00a0<span class=\"hps alt-edited\">mass<\/span>.\u00a0<span class=\"hps\">Ideal<\/span>\u00a0<span class=\"hps\">for any type of<\/span>\u00a0<span class=\"hps\">nail plate.<\/span>\u00a0<span class=\"hps\">The gel<\/span>\u00a0<span class=\"hps\">forms a<\/span>\u00a0<span class=\"hps\">protective filter<\/span>\u00a0<span class=\"hps\">between the<\/span>\u00a0<span class=\"hps\">nail and the<\/span>\u00a0<span class=\"hps\">gel<\/span>\u00a0<span class=\"hps\">which increases<\/span>\u00a0<span class=\"hps\">the adhesion<\/span>\u00a0<span class=\"hps\">of subsequent<\/span><span class=\"hps\">gels.<\/span>\u00a0<span class=\"hps\">Used exclusively for<\/span>\u00a0<span class=\"hps\">gel<\/span>\u00a0<span class=\"hps\">method<\/span>.<\/span><\/p>\n<p><span class=\"hps\">The cured<\/span>\u00a0<span class=\"hps\">gel layer<\/span>\u00a0of\u00a0<span class=\"hps atn\">&#8220;<\/span>Bonder&#8221; is a\u00a0<span class=\"hps\">primer for<\/span>\u00a0<span class=\"hps\">the second<\/span>\u00a0<span class=\"hps\">step,<\/span>\u00a0<span class=\"hps\">which is<\/span>\u00a0<span class=\"hps\">building the<\/span>\u00a0<span class=\"hps\">layer<\/span>:\u00a0<span class=\"hps\">made<\/span>\u00a0with\u00a0<span class=\"hps\">gel<\/span>\u00a0<span class=\"hps\">such as<\/span>\u00a0Urban Pro Clear<span class=\"hps\">.<\/span><\/p>\n<p>GEL TYPE<strong>: building, adds shine<br \/>\n<\/strong>CAPACITY: 50<strong>g<\/strong><\/p>\n","protected":false},"excerpt":{"rendered":"<p><b>Urban Pro Builder gel<\/b>\u00a0gels were created according to a modern recipe that produces extremly durable polymeric sequences of gel mass. Relevant setting of units makes that mass is durable and flexible, and at the same time has a very good adhesion to both, tip and natural nail plate.<\/p>\n<p><b>Urban Pro Builder Gel CLEAR<\/b>\u00a0is a transparent gel, ideal to build the nail on tips as well as on the template. With ease you can blend elements and combine with other gels or acrylics. Medium thick, self-leveling &#8211; provides a level of comfort. By eliminating the acrylic acid product is obtained having much more favorable effect on the nail plate than the standard UV gels.<\/p>\n<p><span class=\"hps\" lang=\"en\"><br \/>\n<strong>FEATURES:<\/strong><\/span><\/p>\n<ul>\n<li><span id=\"result_box\" lang=\"en\"><span title=\"produkt bezkwasowy! \u00a0\u00a0\u00a0\u00a0\">Acid-free product !<\/span><\/span><\/li>\n<li>colorless<\/li>\n<li>medium thick<\/li>\n<li>very good self leveling properities<\/li>\n<li>one-phased<\/li>\n<\/ul>\n","protected":false},"author":6,"featured_media":16652,"comment_status":"open","ping_status":"closed","template":"","meta":[],"product_cat":[599,592,795],"product_tag":[],"aioseo_notices":[],"_links":{"self":[{"href":"https:\/\/urbanprocosmetics.com\/en\/wp-json\/wp\/v2\/product\/10607"}],"collection":[{"href":"https:\/\/urbanprocosmetics.com\/en\/wp-json\/wp\/v2\/product"}],"about":[{"href":"https:\/\/urbanprocosmetics.com\/en\/wp-json\/wp\/v2\/types\/product"}],"author":[{"embeddable":true,"href":"https:\/\/urbanprocosmetics.com\/en\/wp-json\/wp\/v2\/users\/6"}],"replies":[{"embeddable":true,"href":"https:\/\/urbanprocosmetics.com\/en\/wp-json\/wp\/v2\/comments?post=10607"}],"wp:featuredmedia":[{"embeddable":true,"href":"https:\/\/urbanprocosmetics.com\/en\/wp-json\/wp\/v2\/media\/16652"}],"wp:attachment":[{"href":"https:\/\/urbanprocosmetics.com\/en\/wp-json\/wp\/v2\/media?parent=10607"}],"wp:term":[{"taxonomy":"product_cat","embeddable":true,"href":"https:\/\/urbanprocosmetics.com\/en\/wp-json\/wp\/v2\/product_cat?post=10607"},{"taxonomy":"product_tag","embeddable":true,"href":"https:\/\/urbanprocosmetics.com\/en\/wp-json\/wp\/v2\/product_tag?post=10607"}],"curies":[{"name":"wp","href":"https:\/\/api.w.org\/{rel}","templated":true}]}}