{"id":10608,"date":"2018-12-10T11:09:18","date_gmt":"2018-12-10T11:09:18","guid":{"rendered":"https:\/\/urbanprocosmetics.com\/?post_type=product&#038;p=10608"},"modified":"2024-10-22T12:48:24","modified_gmt":"2024-10-22T12:48:24","slug":"urban-pro-builder-gel-nail-extension-french-pink-5g","status":"publish","type":"product","link":"https:\/\/urbanprocosmetics.com\/en\/proizvodi\/%e2%80%a2-nails\/uv-led-builder-gels\/urban-pro-builder-gel-nail-extension-french-pink-5g\/","title":{"rendered":"Urban Pro &#8211; Builder Gel nail extension FRENCH PINK 5g"},"content":{"rendered":"<p><span id=\"result_box\" lang=\"en\"><span title=\"\u017bele Base One zosta\u0142y stworzone wed\u0142ug nowoczesnej receptury pozwalaj\u0105cej uzyska\u0107 wyj\u0105tkowo trwa\u0142e \u0142a\u0144cuchy polimerowe masy \u017celowej.\">Urban Pro Bulider gel were created by the modern recipe that produces an extremely durable polymer chains of gel mass.\u00a0<\/span><span title=\"Odpowiednie u\u0142o\u017cenie cz\u0105stek sprawia, \u017ce masa jest wytrzyma\u0142a i elastyczna jednocze\u015bnie cechuje si\u0119 bardzo dobr\u0105 przyczepno\u015bci\u0105 zar\u00f3wno do tipsa jak i do naturalnej p\u0142ytki.\n\n\">The appropriate alignment of the particles makes the mass strong and flexible at the same time with very good adhesion to both the tips and to the natural nail.<\/span><\/span><\/p>\n<p><span class=\"hps\" lang=\"en\"><strong>Urban Pro Builder gel French Pink<\/strong>\u00a01-phase, thick gel, milky pink.\u00a0Superb adhesion beside cuticles, satisfying self-leveling properties. Recommended for building on false nails and templates. Creates nice, equal and healthy coloring on the nail. Ideal for short false nails with a natural look and to create a long and decorated nail on the template, for example: wedding nails.<\/p>\n<p><strong>FEATURES:<\/strong><\/span><\/p>\n<ul>\n<li>thick<\/li>\n<li>good self leveling properities<\/li>\n<li>very good adhesion alonside the cuticles<\/li>\n<li>one-phased<\/li>\n<\/ul>\n","protected":false},"excerpt":{"rendered":"<p><span id=\"result_box\" lang=\"en\"><span title=\"SPOS\u00d3B U\u017bYCIA: rozprowadzi\u0107 \u017cel na p\u0142ytce paznokcia i utwardzi\u0107 w lampie UV o mocy 36 Watt przez 2 min.\"><strong>HOW TO USE:<\/strong>\u00a0spread the gel on the nail plate and cure in a UV lamp with power of 36 watts for 2 min.\u00a0<\/span><\/span><\/p>\n<p><span id=\"result_box\" class=\"hps\" lang=\"en\"><strong><span class=\"hps\">Urban Pro Builder gels<\/span><\/strong><span class=\"hps\">\u00a0is<\/span>\u00a0<span class=\"hps\">a single-phase<\/span>\u00a0<span class=\"hps\">line<\/span>,\u00a0<span class=\"hps\">which thanks to<\/span>\u00a0<span class=\"hps\">the development<\/span>\u00a0from the\u00a0<span class=\"hps\">best<\/span>\u00a0<span class=\"hps\">products<\/span>\u00a0<span class=\"hps\">combined<\/span>\u00a0<span class=\"hps\">in the right proportions<\/span>, it can\u00a0<span class=\"hps\">be used<\/span>\u00a0<span class=\"hps\">in<\/span>\u00a0<span class=\"hps\">a three-phase<\/span>\u00a0<span class=\"hps\">process<\/span>.\u00a0<span class=\"hps\">Thanks<\/span>\u00a0to it\u00a0<span id=\"result_box\" lang=\"en\"><span class=\"hps\">used<\/span><\/span>\u00a0<span class=\"hps\">decorations<\/span>\u00a0\u00a0<span class=\"hps\">will<\/span>\u00a0<span class=\"hps\">last longer<\/span>, and we will\u00a0<span class=\"hps\">longer<\/span><span class=\"hps\">enjoy<\/span>\u00a0<span class=\"hps\">their<\/span>\u00a0<span class=\"hps\">intensity.<\/span><br \/>\n<\/span><\/p>\n<p><span id=\"result_box\" lang=\"en\"><span class=\"hps\">The first step<\/span>\u00a0<span class=\"hps\">is a gel<\/span>\u00a0<span class=\"hps alt-edited\">underlay<\/span>\u00a0<span class=\"hps\">(e.g.<\/span>\u00a0Urban Pro\u00a0<strong><span class=\"hps\">Bonder<\/span><\/strong>) that\u00a0<span class=\"hps\">increases the<\/span>\u00a0<span class=\"hps\">adhesion of<\/span>\u00a0<span class=\"hps\">the gel<\/span>\u00a0<span class=\"hps alt-edited\">mass<\/span>.\u00a0<span class=\"hps\">Ideal<\/span>\u00a0<span class=\"hps\">for any type of<\/span>\u00a0<span class=\"hps\">nail plate.<\/span>\u00a0<span class=\"hps\">The gel<\/span>\u00a0<span class=\"hps\">forms a<\/span>\u00a0<span class=\"hps\">protective filter<\/span>\u00a0<span class=\"hps\">between the<\/span>\u00a0<span class=\"hps\">nail and the<\/span>\u00a0<span class=\"hps\">gel<\/span>\u00a0<span class=\"hps\">which increases<\/span>\u00a0<span class=\"hps\">the adhesion<\/span>\u00a0<span class=\"hps\">of subsequent<\/span><span class=\"hps\">gels.<\/span>\u00a0<span class=\"hps\">Used exclusively for<\/span>\u00a0<span class=\"hps\">gel<\/span>\u00a0<span class=\"hps\">method<\/span>.<\/p>\n<p><span class=\"hps\">The cured<\/span>\u00a0<span class=\"hps\">gel layer<\/span>\u00a0of\u00a0<span class=\"hps atn\">&#8220;<\/span>Bonder&#8221; is a\u00a0<span class=\"hps\">primer for<\/span>\u00a0<span class=\"hps\">the second<\/span>\u00a0<span class=\"hps\">step,<\/span>\u00a0<span class=\"hps\">which is<\/span>\u00a0<span class=\"hps\">building the<\/span>\u00a0<span class=\"hps\">layer<\/span>:\u00a0<span class=\"hps\">made<\/span>\u00a0with\u00a0<span class=\"hps\">gel<\/span>\u00a0<span class=\"hps\">such as<\/span>\u00a0<span class=\"hps\">Base<\/span><strong><span class=\"hps\">One<\/span>\u00a0<span class=\"hps\">Clear<\/span>\u00a0<\/strong><span class=\"hps\"><strong>&#8211; V<\/strong>.<\/span><\/span><\/p>\n<p>GEL TYPE<strong>: building, half-transparent, perfect for &#8220;french&#8221;<br \/>\n<\/strong>CAPACITY:\u00a0<strong>5g<\/strong><\/p>\n","protected":false},"author":6,"featured_media":16644,"comment_status":"open","ping_status":"closed","template":"","meta":[],"product_cat":[592,599,795],"product_tag":[],"aioseo_notices":[],"_links":{"self":[{"href":"https:\/\/urbanprocosmetics.com\/en\/wp-json\/wp\/v2\/product\/10608"}],"collection":[{"href":"https:\/\/urbanprocosmetics.com\/en\/wp-json\/wp\/v2\/product"}],"about":[{"href":"https:\/\/urbanprocosmetics.com\/en\/wp-json\/wp\/v2\/types\/product"}],"author":[{"embeddable":true,"href":"https:\/\/urbanprocosmetics.com\/en\/wp-json\/wp\/v2\/users\/6"}],"replies":[{"embeddable":true,"href":"https:\/\/urbanprocosmetics.com\/en\/wp-json\/wp\/v2\/comments?post=10608"}],"wp:featuredmedia":[{"embeddable":true,"href":"https:\/\/urbanprocosmetics.com\/en\/wp-json\/wp\/v2\/media\/16644"}],"wp:attachment":[{"href":"https:\/\/urbanprocosmetics.com\/en\/wp-json\/wp\/v2\/media?parent=10608"}],"wp:term":[{"taxonomy":"product_cat","embeddable":true,"href":"https:\/\/urbanprocosmetics.com\/en\/wp-json\/wp\/v2\/product_cat?post=10608"},{"taxonomy":"product_tag","embeddable":true,"href":"https:\/\/urbanprocosmetics.com\/en\/wp-json\/wp\/v2\/product_tag?post=10608"}],"curies":[{"name":"wp","href":"https:\/\/api.w.org\/{rel}","templated":true}]}}