{"id":10611,"date":"2018-12-10T12:09:48","date_gmt":"2018-12-10T12:09:48","guid":{"rendered":"https:\/\/urbanprocosmetics.com\/?post_type=product&#038;p=10611"},"modified":"2018-12-10T12:12:22","modified_gmt":"2018-12-10T12:12:22","slug":"urban-pro-builder-gel-nail-extension-dark-french-pink-5g","status":"publish","type":"product","link":"https:\/\/urbanprocosmetics.com\/en\/proizvodi\/%e2%80%a2-nails\/uv-led-builder-gels\/urban-pro-builder-gel-nail-extension-dark-french-pink-5g\/","title":{"rendered":"Urban Pro &#8211; Builder Gel nail extension DARK FRENCH PINK 5g"},"content":{"rendered":"<p><span id=\"result_box\" lang=\"en\"><span title=\"SPOS\u00d3B U\u017bYCIA: rozprowadzi\u0107 \u017cel na p\u0142ytce paznokcia i utwardzi\u0107 w lampie UV o mocy 36 Watt przez 2 min.\"><strong>HOW TO USE:<\/strong>\u00a0spread the gel on the nail plate and cure in a UV lamp with power of 36 watts for 2 min.\u00a0<\/span><\/span><\/p>\n<p><span id=\"result_box\" class=\"hps\" lang=\"en\"><span class=\"hps\"><strong>Urban Pro Builder Gel Dark French Pink <\/strong>\u00a0is<\/span>\u00a0<span class=\"hps\">a single-phase<\/span>\u00a0<span class=\"hps\">line<\/span>,\u00a0<span class=\"hps\">which thanks to<\/span>\u00a0<span class=\"hps\">the development<\/span>\u00a0from the\u00a0<span class=\"hps\">best<\/span>\u00a0<span class=\"hps\">products<\/span>\u00a0<span class=\"hps\">combined<\/span>\u00a0<span class=\"hps\">in the right proportions<\/span>, it can\u00a0<span class=\"hps\">be used<\/span>\u00a0<span class=\"hps\">in<\/span>\u00a0<span class=\"hps\">a three-phase<\/span>\u00a0<span class=\"hps\">process<\/span>.\u00a0<span class=\"hps\">Thanks<\/span>\u00a0to it\u00a0<span id=\"result_box\" lang=\"en\"><span class=\"hps\">used<\/span><\/span>\u00a0<span class=\"hps\">decorations<\/span>\u00a0\u00a0<span class=\"hps\">will<\/span>\u00a0<span class=\"hps\">last longer<\/span>, and we will\u00a0<span class=\"hps\">longer<\/span><span class=\"hps\">enjoy<\/span>\u00a0<span class=\"hps\">their<\/span>\u00a0<span class=\"hps\">intensity.<\/span><br \/>\n<\/span><\/p>\n<p><span id=\"result_box\" lang=\"en\"><span class=\"hps\">The first step<\/span>\u00a0<span class=\"hps\">is a gel<\/span>\u00a0<span class=\"hps alt-edited\">underlay<\/span>\u00a0<span class=\"hps\">(e.g.<\/span>\u00a0Urban Pro<strong>\u00a0<span class=\"hps\">Bonder<\/span><\/strong>) that\u00a0<span class=\"hps\">increases the<\/span>\u00a0<span class=\"hps\">adhesion of<\/span>\u00a0<span class=\"hps\">the gel<\/span>\u00a0<span class=\"hps alt-edited\">mass<\/span>.\u00a0<span class=\"hps\">Ideal<\/span>\u00a0<span class=\"hps\">for any type of<\/span>\u00a0<span class=\"hps\">nail plate.<\/span>\u00a0<span class=\"hps\">The gel<\/span>\u00a0<span class=\"hps\">forms a<\/span>\u00a0<span class=\"hps\">protective filter<\/span>\u00a0<span class=\"hps\">between the<\/span>\u00a0<span class=\"hps\">nail and the<\/span>\u00a0<span class=\"hps\">gel<\/span>\u00a0<span class=\"hps\">which increases<\/span>\u00a0<span class=\"hps\">the adhesion<\/span>\u00a0<span class=\"hps\">of subsequent<\/span><span class=\"hps\">gels.<\/span>\u00a0<span class=\"hps\">Used exclusively for<\/span>\u00a0<span class=\"hps\">gel<\/span>\u00a0<span class=\"hps\">method<\/span>.<\/p>\n<p><span class=\"hps\">The cured<\/span>\u00a0<span class=\"hps\">gel layer<\/span>\u00a0of\u00a0<span class=\"hps atn\">&#8220;<\/span>Bonder&#8221; is a\u00a0<span class=\"hps\">primer for<\/span>\u00a0<span class=\"hps\">the second<\/span>\u00a0<span class=\"hps\">step,<\/span>\u00a0<span class=\"hps\">which is<\/span>\u00a0<span class=\"hps\">building the<\/span>\u00a0<span class=\"hps\">layer<\/span>:\u00a0<span class=\"hps\">made<\/span>\u00a0with\u00a0<span class=\"hps\">gel<\/span>\u00a0<span class=\"hps\">such as<\/span>\u00a0Urban Pro Clear<span class=\"hps\">.<\/span>\u00a0<\/span><\/p>\n<p>GEL TYPE<strong>: building, half-transparent, perfect for &#8220;french&#8221;<\/strong><\/p>\n","protected":false},"excerpt":{"rendered":"<p><span id=\"result_box\" lang=\"en\"><span title=\"\u017bele Base One zosta\u0142y stworzone wed\u0142ug nowoczesnej receptury pozwalaj\u0105cej uzyska\u0107 wyj\u0105tkowo trwa\u0142e \u0142a\u0144cuchy polimerowe masy \u017celowej.\">Urban Pro Builder gel were created by the modern recipe that produces an extremely durable polymer chains of gel mass.\u00a0<\/span><span title=\"Odpowiednie u\u0142o\u017cenie cz\u0105stek sprawia, \u017ce masa jest wytrzyma\u0142a i elastyczna jednocze\u015bnie cechuje si\u0119 bardzo dobr\u0105 przyczepno\u015bci\u0105 zar\u00f3wno do tipsa jak i do naturalnej p\u0142ytki. \">The appropriate alignment of the particles makes the mass strong and flexible at the same time with very good adhesion to both the tips and to the natural nail.<\/span><\/span><\/p>\n<p><span class=\"hps\" lang=\"en\"><span id=\"result_box\" class=\"hps\" lang=\"en\"><br \/>\n<\/span><strong>Urban Pro Builder gel French Pink Dark<\/strong>\u00a0is a onephase gel, medium thick, milky-pink colored . Superb adhesion beside cuticles, satisfying self-leveling properties. Recommended for building on false nails and templates. Creates nice, equal and healthy coloring on the nail. Ideal for short false nails with a natural look and to create a long and decorated nail on the template, for example: wedding nails.<\/span><\/p>\n<p><strong>FEATURES:<\/strong><\/p>\n<ul>\n<li>medium thick<\/li>\n<li>self leveling<\/li>\n<li>strong<\/li>\n<li>durable<\/li>\n<li>very good adhesion alonside the cuticles<\/li>\n<li>one-phased<\/li>\n<\/ul>\n","protected":false},"author":6,"featured_media":16668,"comment_status":"open","ping_status":"closed","template":"","meta":[],"product_cat":[592,599,795],"product_tag":[],"aioseo_notices":[],"_links":{"self":[{"href":"https:\/\/urbanprocosmetics.com\/en\/wp-json\/wp\/v2\/product\/10611"}],"collection":[{"href":"https:\/\/urbanprocosmetics.com\/en\/wp-json\/wp\/v2\/product"}],"about":[{"href":"https:\/\/urbanprocosmetics.com\/en\/wp-json\/wp\/v2\/types\/product"}],"author":[{"embeddable":true,"href":"https:\/\/urbanprocosmetics.com\/en\/wp-json\/wp\/v2\/users\/6"}],"replies":[{"embeddable":true,"href":"https:\/\/urbanprocosmetics.com\/en\/wp-json\/wp\/v2\/comments?post=10611"}],"wp:featuredmedia":[{"embeddable":true,"href":"https:\/\/urbanprocosmetics.com\/en\/wp-json\/wp\/v2\/media\/16668"}],"wp:attachment":[{"href":"https:\/\/urbanprocosmetics.com\/en\/wp-json\/wp\/v2\/media?parent=10611"}],"wp:term":[{"taxonomy":"product_cat","embeddable":true,"href":"https:\/\/urbanprocosmetics.com\/en\/wp-json\/wp\/v2\/product_cat?post=10611"},{"taxonomy":"product_tag","embeddable":true,"href":"https:\/\/urbanprocosmetics.com\/en\/wp-json\/wp\/v2\/product_tag?post=10611"}],"curies":[{"name":"wp","href":"https:\/\/api.w.org\/{rel}","templated":true}]}}