{"id":10618,"date":"2018-12-10T12:44:24","date_gmt":"2018-12-10T12:44:24","guid":{"rendered":"https:\/\/urbanprocosmetics.com\/?post_type=product&#038;p=10618"},"modified":"2018-12-10T12:44:24","modified_gmt":"2018-12-10T12:44:24","slug":"urban-pro-builder-gel-nail-extension-cover-light-15g","status":"publish","type":"product","link":"https:\/\/urbanprocosmetics.com\/en\/proizvodi\/%e2%80%a2-nails\/uv-led-builder-gels\/urban-pro-builder-gel-nail-extension-cover-light-15g\/","title":{"rendered":"Urban Pro &#8211; Builder gel nail extension COVER light 15g"},"content":{"rendered":"<p><strong>Urban Pro Builder <\/strong>gels\u00a0<span class=\"hps\">were created<\/span>\u00a0<span class=\"hps\">by<\/span>\u00a0<span class=\"hps\">the modern<\/span>\u00a0<span class=\"hps\">recipe<\/span>\u00a0<span class=\"hps\">that produces<\/span>\u00a0<span class=\"hps\">an extremely<\/span>\u00a0<span class=\"hps\">durable<\/span>\u00a0<span class=\"hps\">polymer chains<\/span>\u00a0<span class=\"hps\">gel mass<\/span>.\u00a0<span class=\"hps\">The appropriate<\/span>\u00a0<span class=\"hps\">alignment of the particles<\/span>\u00a0<span class=\"hps\">makes the<\/span>\u00a0<span class=\"hps\">mass<\/span>\u00a0<span class=\"hps\">strong and<\/span>\u00a0<span class=\"hps\">flexible<\/span>\u00a0<span class=\"hps\">at the same time<\/span>\u00a0with<span class=\"hps\">\u00a0a very<\/span>\u00a0<span class=\"hps\">good adhesion<\/span>\u00a0<span class=\"hps\">to both the<\/span>\u00a0<span class=\"hps\">tips<\/span>\u00a0<span class=\"hps\">and to the<\/span>\u00a0<span class=\"hps\">natural nail<\/span>.<\/p>\n<p><span id=\"result_box\" lang=\"en\"><span title=\"Kiedy \u017cel wymieszamy troszeczk\u0119 wcze\u015bniej ni\u017c tu\u017c przed na\u0142o\u017ceniem, to nie musimy si\u0119 martwi\u0107, \u017ce pozostan\u0105 p\u0119cherzyki (w kwestii estetycznej - przy brokacie b\u0105belki s\u0105 prawie niewidoczne przy odpowiedniej aplikacji).\"><span class=\"hps\"><strong>HOW TO USE<\/strong>:<\/span>\u00a0<span class=\"hps\">spread the<\/span>\u00a0<span class=\"hps\">gel<\/span>\u00a0<span class=\"hps\">on the nail plate<\/span>, cure in\u00a0<span class=\"hps\">UV<\/span>\u00a0lamp<span class=\"hps\">\u00a0of<\/span>\u00a0<span class=\"hps\">36<\/span>\u00a0<span class=\"hps\">watts<\/span>\u00a0<span class=\"hps\">for 2 min<\/span>.<\/span><\/span><\/p>\n","protected":false},"excerpt":{"rendered":"<p><strong>Urban Pro Builder gel\u00a0<\/strong><strong><span class=\"hps\">Cover<\/span>\u00a0<\/strong><span class=\"hps\"><strong>Light<\/strong>\u00a0is<\/span>\u00a0<span class=\"hps alt-edited\">a masking<\/span>\u00a0<span class=\"hps\">UV gel<\/span>\u00a0<span class=\"hps\">with a delicate<\/span>,\u00a0<span class=\"hps\">bright<\/span>\u00a0<span class=\"hps\">shade<\/span>\u00a0<span class=\"hps\">of pink<\/span>\u00a0<span class=\"hps\">flesh<\/span>.\u00a0<span class=\"hps\">Very<\/span>\u00a0<span class=\"hps\">well suited for<\/span>\u00a0<span class=\"hps\">people with<\/span>\u00a0<span class=\"hps\">fair skin<\/span>.<span id=\"result_box\" class=\"hps\" lang=\"en\"><span class=\"hps\">Medium density<\/span>\u00a0<span class=\"hps\">gel<\/span>.\u00a0<span class=\"hps\">Very well<\/span>\u00a0<span class=\"hps\">leveled<\/span>\u00a0<span class=\"hps alt-edited\">on a plane<\/span>\u00a0<span class=\"hps\">of the nail.<\/span>\u00a0<span class=\"hps\">Gives natural<\/span>\u00a0<span class=\"hps\">color,<\/span>\u00a0<span class=\"hps\">perfectly<\/span>\u00a0<span class=\"hps\">camouflages<\/span>\u00a0<span class=\"hps\">plate and<\/span><span class=\"hps\">visually lengthens<\/span>\u00a0<span class=\"hps\">your nails<\/span>.\u00a0<span class=\"hps\">The gel<\/span>\u00a0<span class=\"hps\">perfectly<\/span>\u00a0<span class=\"hps\">conceals<\/span>\u00a0<span class=\"hps\">blemishes and<\/span>\u00a0<span class=\"hps\">imperfections.<\/span>\u00a0<span class=\"hps\">You can<\/span>\u00a0<span class=\"hps\">connect<\/span>\u00a0<span class=\"hps\">seamlessly with<\/span><span class=\"hps\">other<\/span>\u00a0<span class=\"hps\">gels<\/span>.<\/span><\/p>\n","protected":false},"author":6,"featured_media":16663,"comment_status":"open","ping_status":"closed","template":"","meta":[],"product_cat":[592,599,795],"product_tag":[],"aioseo_notices":[],"_links":{"self":[{"href":"https:\/\/urbanprocosmetics.com\/en\/wp-json\/wp\/v2\/product\/10618"}],"collection":[{"href":"https:\/\/urbanprocosmetics.com\/en\/wp-json\/wp\/v2\/product"}],"about":[{"href":"https:\/\/urbanprocosmetics.com\/en\/wp-json\/wp\/v2\/types\/product"}],"author":[{"embeddable":true,"href":"https:\/\/urbanprocosmetics.com\/en\/wp-json\/wp\/v2\/users\/6"}],"replies":[{"embeddable":true,"href":"https:\/\/urbanprocosmetics.com\/en\/wp-json\/wp\/v2\/comments?post=10618"}],"wp:featuredmedia":[{"embeddable":true,"href":"https:\/\/urbanprocosmetics.com\/en\/wp-json\/wp\/v2\/media\/16663"}],"wp:attachment":[{"href":"https:\/\/urbanprocosmetics.com\/en\/wp-json\/wp\/v2\/media?parent=10618"}],"wp:term":[{"taxonomy":"product_cat","embeddable":true,"href":"https:\/\/urbanprocosmetics.com\/en\/wp-json\/wp\/v2\/product_cat?post=10618"},{"taxonomy":"product_tag","embeddable":true,"href":"https:\/\/urbanprocosmetics.com\/en\/wp-json\/wp\/v2\/product_tag?post=10618"}],"curies":[{"name":"wp","href":"https:\/\/api.w.org\/{rel}","templated":true}]}}