{"id":10620,"date":"2018-12-10T13:46:34","date_gmt":"2018-12-10T13:46:34","guid":{"rendered":"https:\/\/urbanprocosmetics.com\/?post_type=product&#038;p=10620"},"modified":"2018-12-10T13:46:34","modified_gmt":"2018-12-10T13:46:34","slug":"urban-pro-builder-gel-nail-extension-cover-medium-15g","status":"publish","type":"product","link":"https:\/\/urbanprocosmetics.com\/en\/proizvodi\/%e2%80%a2-nails\/uv-led-builder-gels\/urban-pro-builder-gel-nail-extension-cover-medium-15g\/","title":{"rendered":"Urban Pro Builder Gel nail extension COVER MEDIUM 15g"},"content":{"rendered":"<p><strong><span class=\"hps\">Base<\/span>\u00a0One\u00a0<\/strong>gels\u00a0<span class=\"hps\">were created<\/span>\u00a0<span class=\"hps\">by<\/span>\u00a0<span class=\"hps\">the modern<\/span>\u00a0<span class=\"hps\">recipe<\/span>\u00a0<span class=\"hps\">that produces<\/span>\u00a0<span class=\"hps\">an extremely<\/span>\u00a0<span class=\"hps\">durable<\/span>\u00a0<span class=\"hps\">polymer chains<\/span>\u00a0<span class=\"hps\">gel mass<\/span>.\u00a0<span class=\"hps\">The appropriate<\/span>\u00a0<span class=\"hps\">alignment of the particles<\/span>\u00a0<span class=\"hps\">makes the<\/span>\u00a0<span class=\"hps\">mass<\/span>\u00a0<span class=\"hps\">strong and<\/span>\u00a0<span class=\"hps\">flexible<\/span>\u00a0<span class=\"hps\">at the same time<\/span>\u00a0with<span class=\"hps\">\u00a0a very<\/span>\u00a0<span class=\"hps\">good adhesion<\/span>\u00a0<span class=\"hps\">to both the<\/span>\u00a0<span class=\"hps\">tips<\/span>\u00a0<span class=\"hps\">and to the<\/span>\u00a0<span class=\"hps\">natural nail<\/span>.<\/p>\n<p><span id=\"result_box\" lang=\"en\"><span title=\"Kiedy \u017cel wymieszamy troszeczk\u0119 wcze\u015bniej ni\u017c tu\u017c przed na\u0142o\u017ceniem, to nie musimy si\u0119 martwi\u0107, \u017ce pozostan\u0105 p\u0119cherzyki (w kwestii estetycznej - przy brokacie b\u0105belki s\u0105 prawie niewidoczne przy odpowiedniej aplikacji).\"><span class=\"hps\"><strong>HOW TO USE<\/strong>:<\/span>\u00a0<span class=\"hps\">spread the<\/span>\u00a0<span class=\"hps\">gel<\/span>\u00a0<span class=\"hps\">on the nail plate<\/span>, cure in\u00a0<span class=\"hps\">UV<\/span>\u00a0lamp<span class=\"hps\">\u00a0of<\/span>\u00a0<span class=\"hps\">36<\/span>\u00a0<span class=\"hps\">watts<\/span>\u00a0<span class=\"hps\">for 2 min<\/span>.<\/span><\/span><\/p>\n","protected":false},"excerpt":{"rendered":"<p><strong><span class=\"hps\">Base<\/span>\u00a0<span class=\"hps\">One<\/span><\/strong>\u00a0<strong><span class=\"hps\">Cover<\/span>\u00a0<span class=\"hps\">Medium<\/span><\/strong>\u00a0<span class=\"hps\">UV gel<\/span>\u00a0<span class=\"hps\">is<\/span>\u00a0<span class=\"hps\">masking<\/span>\u00a0<span class=\"hps\">a very similar<\/span>,\u00a0<span class=\"hps\">natural color of<\/span>\u00a0<span class=\"hps\">the nail plate.<\/span>\u00a0<span class=\"hps\">Suitable<\/span>\u00a0<span class=\"hps\">for someone who wants<\/span><span class=\"hps\">a natural look<\/span>\u00a0<span class=\"hps alt-edited\">of their<\/span>\u00a0<span class=\"hps\">nails.\u00a0<span id=\"result_box\" class=\"hps\" lang=\"en\">Medium density\u00a0gel.\u00a0Very well\u00a0leveled\u00a0<span class=\"hps alt-edited\">on a plane<\/span>\u00a0of the nail.\u00a0Gives natural\u00a0color,\u00a0perfectlycamouflages\u00a0plate and\u00a0visually lengthens\u00a0your nails.\u00a0The gel\u00a0perfectly\u00a0conceals\u00a0blemishes and\u00a0imperfections.\u00a0You canconnect\u00a0seamlessly with\u00a0other\u00a0gels.<\/span><\/span><\/p>\n","protected":false},"author":6,"featured_media":16647,"comment_status":"open","ping_status":"closed","template":"","meta":[],"product_cat":[592,599,795],"product_tag":[],"aioseo_notices":[],"_links":{"self":[{"href":"https:\/\/urbanprocosmetics.com\/en\/wp-json\/wp\/v2\/product\/10620"}],"collection":[{"href":"https:\/\/urbanprocosmetics.com\/en\/wp-json\/wp\/v2\/product"}],"about":[{"href":"https:\/\/urbanprocosmetics.com\/en\/wp-json\/wp\/v2\/types\/product"}],"author":[{"embeddable":true,"href":"https:\/\/urbanprocosmetics.com\/en\/wp-json\/wp\/v2\/users\/6"}],"replies":[{"embeddable":true,"href":"https:\/\/urbanprocosmetics.com\/en\/wp-json\/wp\/v2\/comments?post=10620"}],"wp:featuredmedia":[{"embeddable":true,"href":"https:\/\/urbanprocosmetics.com\/en\/wp-json\/wp\/v2\/media\/16647"}],"wp:attachment":[{"href":"https:\/\/urbanprocosmetics.com\/en\/wp-json\/wp\/v2\/media?parent=10620"}],"wp:term":[{"taxonomy":"product_cat","embeddable":true,"href":"https:\/\/urbanprocosmetics.com\/en\/wp-json\/wp\/v2\/product_cat?post=10620"},{"taxonomy":"product_tag","embeddable":true,"href":"https:\/\/urbanprocosmetics.com\/en\/wp-json\/wp\/v2\/product_tag?post=10620"}],"curies":[{"name":"wp","href":"https:\/\/api.w.org\/{rel}","templated":true}]}}