{"id":10628,"date":"2018-12-12T13:23:46","date_gmt":"2018-12-12T13:23:46","guid":{"rendered":"https:\/\/urbanprocosmetics.com\/?post_type=product&#038;p=10628"},"modified":"2020-06-12T06:25:22","modified_gmt":"2020-06-12T06:25:22","slug":"urban-pro-gel-bonder-acid-15ml","status":"publish","type":"product","link":"https:\/\/urbanprocosmetics.com\/en\/proizvodi\/%e2%80%a2-nails\/urban-pro-gel-bonder-acid-15ml\/","title":{"rendered":"Urban Pro &#8211; Gel BONDER Acid 15ml"},"content":{"rendered":"<p><span id=\"result_box\" class=\"hps\" lang=\"en\"><span class=\"hps\"><b>Urban Pro<\/b> is<\/span>&nbsp;<span class=\"hps\">a single-phase<\/span>&nbsp;<span class=\"hps\">line<\/span>,&nbsp;<span class=\"hps\">which thanks to<\/span>&nbsp;<span class=\"hps\">the development<\/span>&nbsp;from the&nbsp;<span class=\"hps\">best<\/span>&nbsp;<span class=\"hps\">products<\/span>&nbsp;<span class=\"hps\">combined<\/span>&nbsp;<span class=\"hps\">in the right proportions<\/span>, it can&nbsp;<span class=\"hps\">be used<\/span>&nbsp;<span class=\"hps\">in<\/span>&nbsp;<span class=\"hps\">a three-phase<\/span>&nbsp;<span class=\"hps\">process<\/span>.&nbsp;<span class=\"hps\">Thanks<\/span>&nbsp;to it&nbsp;<span id=\"result_box\" lang=\"en\"><span class=\"hps\">used<\/span><\/span>&nbsp;<span class=\"hps\">decorations<\/span>&nbsp;&nbsp;<span class=\"hps\">will<\/span>&nbsp;<span class=\"hps\">last longer<\/span>, and we will&nbsp;<span class=\"hps\">longer<\/span><span class=\"hps\">enjoy<\/span>&nbsp;<span class=\"hps\">their<\/span>&nbsp;<span class=\"hps\">intensity.<\/span><br \/>\n<\/span><\/p>\n<p><span class=\"userContent\"><span id=\"result_box\" lang=\"en\"><span class=\"hps\">The first step<\/span>&nbsp;<span class=\"hps\">is a gel<\/span>&nbsp;<span class=\"hps alt-edited\">underlay<\/span>&nbsp;<span class=\"hps\">(e.g.<\/span>&nbsp;Urban Pro gel<strong>&nbsp;<span class=\"hps\">Bonder<\/span><\/strong>) that&nbsp;<span class=\"hps\">increases the<\/span>&nbsp;<span class=\"hps\">adhesion of<\/span>&nbsp;<span class=\"hps\">the gel<\/span>&nbsp;<span class=\"hps alt-edited\">mass<\/span>.&nbsp;<span class=\"hps\">Ideal<\/span>&nbsp;<span class=\"hps\">for any type of<\/span>&nbsp;<span class=\"hps\">nail plate.<\/span>&nbsp;<span class=\"hps\">The gel<\/span>&nbsp;<span class=\"hps\">forms a<\/span>&nbsp;<span class=\"hps\">protective filter<\/span>&nbsp;<span class=\"hps\">between the<\/span>&nbsp;<span class=\"hps\">nail and the<\/span>&nbsp;<span class=\"hps\">gel<\/span>&nbsp;<span class=\"hps\">which increases<\/span>&nbsp;<span class=\"hps\">the adhesion<\/span>&nbsp;<span class=\"hps\">of subsequent<\/span><span class=\"hps\">gels.<\/span>&nbsp;<span class=\"hps\">Used exclusively for<\/span>&nbsp;<span class=\"hps\">gel<\/span>&nbsp;<span class=\"hps\">method<\/span>.<\/span><\/span><\/p>\n<p><span class=\"hps\">The cured<\/span>&nbsp;<span class=\"hps\">gel layer<\/span>&nbsp;of&nbsp;<span class=\"hps atn\">&#8220;<\/span>Bonder&#8221; is a&nbsp;<span class=\"hps\">primer for<\/span>&nbsp;<span class=\"hps\">the second<\/span>&nbsp;<span class=\"hps\">step,<\/span>&nbsp;<span class=\"hps\">which is<\/span>&nbsp;<span class=\"hps\">building the<\/span>&nbsp;<span class=\"hps\">layer<\/span>:&nbsp;<span class=\"hps\">made<\/span>&nbsp;with&nbsp;<span class=\"hps\">gel<\/span>&nbsp;<span class=\"hps\">such as<\/span>&nbsp;Urban Pro Gel<strong>&nbsp;<span class=\"hps\">Clear<\/span><\/strong><span class=\"hps\">.<\/span><\/p>\n","protected":false},"excerpt":{"rendered":"<p><span class=\"userContent\"><span class=\"hps\" lang=\"en\"><span id=\"result_box\" class=\"hps\" lang=\"en\"><span id=\"result_box\" lang=\"en\"><span title=\"\u017bele Base One zosta\u0142y stworzone wed\u0142ug nowoczesnej receptury pozwalaj\u0105cej uzyska\u0107 wyj\u0105tkowo trwa\u0142e \u0142a\u0144cuchy polimerowe masy \u017celowej.\">Gels <b>Urban Pro<\/b>\u00a0were created by the modern recipe that produces an extremely durable polymer chains of gel mass.\u00a0<\/span><span title=\"Odpowiednie u\u0142o\u017cenie cz\u0105stek sprawia, \u017ce masa jest wytrzyma\u0142a i elastyczna jednocze\u015bnie cechuje si\u0119 bardzo dobr\u0105 przyczepno\u015bci\u0105 zar\u00f3wno do tipsa jak i do naturalnej p\u0142ytki. \">The appropriate alignment of the particles makes the mass strong and flexible at the same time with very good adhesion to both the tips and to the natural nail.<\/span><\/span><\/span><\/span><\/span> High quality foundation gel Urban Pro<strong>\u00a0Bonder 15ml<\/strong>\u00a0is a preparation increasing gel mass adhesion. Perfect for problematic and soft nail plate.\u00a0 The gel forms a protective filter between nail and gel, what increases adhesion of gels, which are applied next. Requires curing under UV lamp. Use only to gel method. <span class=\"userContent\"><strong><span class=\"hps\" lang=\"en\">FEATURES<\/span>:<\/strong><\/span><\/p>\n<ul>\n<li><span id=\"result_box\" lang=\"en\"><span title=\"produkt bezkwasowy! \u00a0\u00a0\u00a0\u00a0\">Acidic\u00a0<\/span><\/span><span id=\"result_box\" lang=\"en\"><span title=\"produkt bezkwasowy! \u00a0\u00a0\u00a0\u00a0\">product<\/span><\/span><span id=\"result_box\" lang=\"en\"> <\/span><\/li>\n<li><span id=\"result_box\" lang=\"en\"><span title=\"bezbarwny \u00a0\u00a0\u00a0\u00a0\"><span id=\"result_box\" class=\"short_text\" lang=\"en\"><span class=\"hps\">increases the<\/span>\u00a0<span class=\"hps\">adhesion of<\/span>\u00a0<span class=\"hps\">the gel<\/span>\u00a0<span class=\"hps\">mass<\/span><\/span><\/span><\/span><\/li>\n<li><span id=\"result_box\" class=\"hps\" lang=\"en\"><span class=\"hps\">used exclusively to\u00a0<\/span><span class=\"hps\">gel method <\/span><\/span><\/li>\n<\/ul>\n<p><span class=\"userContent\"><span id=\"result_box\" lang=\"en\"><span title=\"SPOS\u00d3B U\u017bYCIA: rozprowadzi\u0107 \u017cel na p\u0142ytce paznokcia i utwardzi\u0107 w lampie UV o mocy 36 Watt przez 2 min.\"><strong>HOW TO USE:<\/strong>\u00a0spread the gel on the nail plate and cure in a UV lamp with power of 36 watts for 2 min.\u00a0<\/span><span title=\"Wierzchnia warstwa po przetarciu nie wymaga dodatkowego nab\u0142yszczania. \">The top layer after wiping does not require additional polishing.<\/span><\/span><\/span><\/p>\n","protected":false},"author":6,"featured_media":9740,"comment_status":"open","ping_status":"closed","template":"","meta":[],"product_cat":[592],"product_tag":[],"aioseo_notices":[],"_links":{"self":[{"href":"https:\/\/urbanprocosmetics.com\/en\/wp-json\/wp\/v2\/product\/10628"}],"collection":[{"href":"https:\/\/urbanprocosmetics.com\/en\/wp-json\/wp\/v2\/product"}],"about":[{"href":"https:\/\/urbanprocosmetics.com\/en\/wp-json\/wp\/v2\/types\/product"}],"author":[{"embeddable":true,"href":"https:\/\/urbanprocosmetics.com\/en\/wp-json\/wp\/v2\/users\/6"}],"replies":[{"embeddable":true,"href":"https:\/\/urbanprocosmetics.com\/en\/wp-json\/wp\/v2\/comments?post=10628"}],"wp:featuredmedia":[{"embeddable":true,"href":"https:\/\/urbanprocosmetics.com\/en\/wp-json\/wp\/v2\/media\/9740"}],"wp:attachment":[{"href":"https:\/\/urbanprocosmetics.com\/en\/wp-json\/wp\/v2\/media?parent=10628"}],"wp:term":[{"taxonomy":"product_cat","embeddable":true,"href":"https:\/\/urbanprocosmetics.com\/en\/wp-json\/wp\/v2\/product_cat?post=10628"},{"taxonomy":"product_tag","embeddable":true,"href":"https:\/\/urbanprocosmetics.com\/en\/wp-json\/wp\/v2\/product_tag?post=10628"}],"curies":[{"name":"wp","href":"https:\/\/api.w.org\/{rel}","templated":true}]}}