{"id":12154,"date":"2020-05-29T06:47:11","date_gmt":"2020-05-29T06:47:11","guid":{"rendered":"https:\/\/urbanprocosmetics.com\/?post_type=product&#038;p=12154"},"modified":"2024-03-07T13:14:06","modified_gmt":"2024-03-07T13:14:06","slug":"urban-pro-uv-led-lampa-smart-a5-72w","status":"publish","type":"product","link":"https:\/\/urbanprocosmetics.com\/en\/proizvodi\/appliances\/uv-led-lamps-en\/urban-pro-uv-led-lampa-smart-a5-72w\/","title":{"rendered":"URBAN PRO UV\/LED lampa &#8211; SMART A5 72w"},"content":{"rendered":"<p>Zahvaljuju\u0107i sposobnosti da prilikom rada istovremeno emituje oba svjetlosna spektra od 365nm (nanometara) i 405nm (nanometara), namenjena je brzom su\u0161enju:<\/p>\n<p>UV i LED\/UV gradivnih gelova<br \/>\nUV i LED\/UV kolor gelova<br \/>\nUV i LED\/UV trajnih lakova<br \/>\nUV i LED\/UV zavr\u0161nih slojeva (mat ili sjajnih)<br \/>\nKao i ostalih UV i LED\/UV proizvoda<\/p>\n","protected":false},"excerpt":{"rendered":"<p>Tehni\u010dke karakteristike:<\/p>\n<p>Snaga: 72W<br \/>\nNapon: 100-240V &#8211; 50Hz\/60Hz<br \/>\nDimenzija: 2500x200x130mm<br \/>\nLed diode: 36<br \/>\nRadni broj sati: 50 000<br \/>\nRe\u017eim rada od: 30s \/ 60s \/ 90s<\/p>\n<p>Profesionalna lampa namjenjena su\u0161enju UV i LED\/UV preparata.<br \/>\nUnutra\u0161ni dizajn lampe omogu\u0107ava eliminiaciju &#8220;mrtvih&#8221; uglova, \u0161to pove\u0107ava efikasnost su\u0161enja gela u svim dejlovima nokatne plo\u010de.<\/p>\n","protected":false},"author":6,"featured_media":14826,"comment_status":"open","ping_status":"closed","template":"","meta":[],"product_cat":[597,592,648,649],"product_tag":[],"aioseo_notices":[],"_links":{"self":[{"href":"https:\/\/urbanprocosmetics.com\/en\/wp-json\/wp\/v2\/product\/12154"}],"collection":[{"href":"https:\/\/urbanprocosmetics.com\/en\/wp-json\/wp\/v2\/product"}],"about":[{"href":"https:\/\/urbanprocosmetics.com\/en\/wp-json\/wp\/v2\/types\/product"}],"author":[{"embeddable":true,"href":"https:\/\/urbanprocosmetics.com\/en\/wp-json\/wp\/v2\/users\/6"}],"replies":[{"embeddable":true,"href":"https:\/\/urbanprocosmetics.com\/en\/wp-json\/wp\/v2\/comments?post=12154"}],"wp:featuredmedia":[{"embeddable":true,"href":"https:\/\/urbanprocosmetics.com\/en\/wp-json\/wp\/v2\/media\/14826"}],"wp:attachment":[{"href":"https:\/\/urbanprocosmetics.com\/en\/wp-json\/wp\/v2\/media?parent=12154"}],"wp:term":[{"taxonomy":"product_cat","embeddable":true,"href":"https:\/\/urbanprocosmetics.com\/en\/wp-json\/wp\/v2\/product_cat?post=12154"},{"taxonomy":"product_tag","embeddable":true,"href":"https:\/\/urbanprocosmetics.com\/en\/wp-json\/wp\/v2\/product_tag?post=12154"}],"curies":[{"name":"wp","href":"https:\/\/api.w.org\/{rel}","templated":true}]}}