{"id":15232,"date":"2021-05-10T09:51:46","date_gmt":"2021-05-10T09:51:46","guid":{"rendered":"https:\/\/urbanprocosmetics.com\/proizvodi\/uncategorized\/urban-pro-turpija-crna-kriva-100-100-2\/"},"modified":"2025-06-20T07:30:12","modified_gmt":"2025-06-20T07:30:12","slug":"urban-pro-turpija-crna-kriva-100-100-2","status":"publish","type":"product","link":"https:\/\/urbanprocosmetics.com\/en\/proizvodi\/%e2%80%a2-nails\/nails-files\/urban-pro-turpija-crna-kriva-100-100-2\/","title":{"rendered":"URBAN PRO Turpija CRNA KRIVA 100-100"},"content":{"rendered":"<p>Profesionalna, posebno dizajnirana turpija omogu\u0107ava lak\u0161u i ravnomjernu obradu noktiju izra\u0111enih u gel ili akril tehnici, uklju\u010duju\u0107i i te\u0161ko pristupa\u010dne dijelove nokta (deo oko zanoktica).<\/p>\n<p>Turpija je sa fleksibilnim jezgrom za lak\u0161e kori\u0161\u0107enje.<\/p>\n","protected":false},"excerpt":{"rendered":"<p>Profesionalna, posebno dizajnirana turpija omogu\u0107ava lak\u0161u i ravnomjernu obradu noktiju izra\u0111enih u gel ili akril tehnici, uklju\u010duju\u0107i i te\u0161ko pristupa\u010dne dijelove nokta (deo oko zanoktica). Turpija je sa fleksibilnim jezgrom za lak\u0161e kori\u0161\u0107enje.<\/p>\n","protected":false},"author":6,"featured_media":15230,"comment_status":"open","ping_status":"closed","template":"","meta":[],"product_cat":[592,807,808],"product_tag":[],"aioseo_notices":[],"_links":{"self":[{"href":"https:\/\/urbanprocosmetics.com\/en\/wp-json\/wp\/v2\/product\/15232"}],"collection":[{"href":"https:\/\/urbanprocosmetics.com\/en\/wp-json\/wp\/v2\/product"}],"about":[{"href":"https:\/\/urbanprocosmetics.com\/en\/wp-json\/wp\/v2\/types\/product"}],"author":[{"embeddable":true,"href":"https:\/\/urbanprocosmetics.com\/en\/wp-json\/wp\/v2\/users\/6"}],"replies":[{"embeddable":true,"href":"https:\/\/urbanprocosmetics.com\/en\/wp-json\/wp\/v2\/comments?post=15232"}],"wp:featuredmedia":[{"embeddable":true,"href":"https:\/\/urbanprocosmetics.com\/en\/wp-json\/wp\/v2\/media\/15230"}],"wp:attachment":[{"href":"https:\/\/urbanprocosmetics.com\/en\/wp-json\/wp\/v2\/media?parent=15232"}],"wp:term":[{"taxonomy":"product_cat","embeddable":true,"href":"https:\/\/urbanprocosmetics.com\/en\/wp-json\/wp\/v2\/product_cat?post=15232"},{"taxonomy":"product_tag","embeddable":true,"href":"https:\/\/urbanprocosmetics.com\/en\/wp-json\/wp\/v2\/product_tag?post=15232"}],"curies":[{"name":"wp","href":"https:\/\/api.w.org\/{rel}","templated":true}]}}