{"id":15523,"date":"2021-09-08T10:39:29","date_gmt":"2021-09-08T10:39:29","guid":{"rendered":"https:\/\/urbanprocosmetics.com\/proizvodi\/uncategorized\/city-glitter-crown-615\/"},"modified":"2026-01-22T08:21:24","modified_gmt":"2026-01-22T08:21:24","slug":"city-glitter-crown-615","status":"publish","type":"product","link":"https:\/\/urbanprocosmetics.com\/en\/proizvodi\/%e2%80%a2-nails\/hybrid-nail-polish\/city-line-en\/glitter-en\/city-glitter-crown-615\/","title":{"rendered":"CITY GLITTER &#8211; CROWN 615"},"content":{"rendered":"","protected":false},"excerpt":{"rendered":"<div dir=\"auto\"><strong>CITY<\/strong>\u00a0trajni lakovi sa novom, savremenijom formulom, koja daje trajnost manikiru preko 3 sedmice.<\/div>\n<div dir=\"auto\">Dostupni u\u00a0<strong>7 linija<\/strong>,\u00a0<strong>49<\/strong>\u00a0potpuno novih, savr\u0161enih nijansi u privla\u010dnoj, okrugloj ambala\u017ei od 7ml<\/div>\n<div dir=\"auto\"><\/div>\n<div dir=\"auto\">*Nisu testirani na \u017eivotinjama<\/div>\n<div dir=\"auto\">*Proizvedeni po visokim tehnolo\u0161kim standardima<\/div>\n<div dir=\"auto\">*Visoka pigmentisanost<\/div>\n<div dir=\"auto\">*Ergonomska\u00a0i kvalitetna \u010detkica<\/div>\n<div dir=\"auto\">*Lagano i komotno nano\u0161enje, bez povla\u010denja prilikom mazanja i su\u0161enja<\/div>\n<div dir=\"auto\">*Jednako pogodan za profesionalce i za po\u010detnike<\/div>\n<div dir=\"auto\">*Su\u0161i se 3 min u Uv lampi, a 30 sec u UV\/LED ili LED lampi<\/div>\n<div dir=\"auto\">*Ima svoju bazu i top coat<\/div>\n<div dir=\"auto\">* Kompatibilan je i mo\u017ee se kombinovati sa svim ostalim Urban Pro Cosmetics proizvodima<\/div>\n","protected":false},"author":6,"featured_media":15519,"comment_status":"open","ping_status":"closed","template":"","meta":[],"product_cat":[832,826,793],"product_tag":[],"aioseo_notices":[],"_links":{"self":[{"href":"https:\/\/urbanprocosmetics.com\/en\/wp-json\/wp\/v2\/product\/15523"}],"collection":[{"href":"https:\/\/urbanprocosmetics.com\/en\/wp-json\/wp\/v2\/product"}],"about":[{"href":"https:\/\/urbanprocosmetics.com\/en\/wp-json\/wp\/v2\/types\/product"}],"author":[{"embeddable":true,"href":"https:\/\/urbanprocosmetics.com\/en\/wp-json\/wp\/v2\/users\/6"}],"replies":[{"embeddable":true,"href":"https:\/\/urbanprocosmetics.com\/en\/wp-json\/wp\/v2\/comments?post=15523"}],"wp:featuredmedia":[{"embeddable":true,"href":"https:\/\/urbanprocosmetics.com\/en\/wp-json\/wp\/v2\/media\/15519"}],"wp:attachment":[{"href":"https:\/\/urbanprocosmetics.com\/en\/wp-json\/wp\/v2\/media?parent=15523"}],"wp:term":[{"taxonomy":"product_cat","embeddable":true,"href":"https:\/\/urbanprocosmetics.com\/en\/wp-json\/wp\/v2\/product_cat?post=15523"},{"taxonomy":"product_tag","embeddable":true,"href":"https:\/\/urbanprocosmetics.com\/en\/wp-json\/wp\/v2\/product_tag?post=15523"}],"curies":[{"name":"wp","href":"https:\/\/api.w.org\/{rel}","templated":true}]}}