{"id":16154,"date":"2024-11-05T08:19:38","date_gmt":"2024-11-05T08:19:38","guid":{"rendered":"https:\/\/urbanprocosmetics.com\/?post_type=product&#038;p=16154"},"modified":"2024-11-05T08:58:40","modified_gmt":"2024-11-05T08:58:40","slug":"urban-pro-master-xbuilder-gel-low-heat-cover-pink-15gr","status":"publish","type":"product","link":"https:\/\/urbanprocosmetics.com\/en\/proizvodi\/%e2%80%a2-nails\/nail-care\/urban-pro-master-xbuilder-gel-low-heat-cover-pink-15gr\/","title":{"rendered":"URBAN PRO &#8211;  Master X&#8217;builder gel *Low heat -Cover Pink 15gr"},"content":{"rendered":"<p class=\"cvGsUA direction-ltr align-start para-style-body\"><span class=\"OYPEnA font-feature-liga-off font-feature-clig-off font-feature-calt-off text-decoration-none text-strikethrough-none\"><span style=\"vertical-align: inherit;\"><span style=\"vertical-align: inherit;\">1. \u0424\u043e\u0440\u043c\u0443\u043b\u0430 \u043d\u0438\u0441\u043a\u0435 \u0442\u043e\u043f\u043b\u043e\u0442\u0435:<\/span><\/span><\/span><\/p>\n<p class=\"cvGsUA direction-ltr align-start para-style-body\"><span class=\"OYPEnA font-feature-liga-off font-feature-clig-off font-feature-calt-off text-decoration-none text-strikethrough-none\"><span style=\"vertical-align: inherit;\"><span style=\"vertical-align: inherit;\">\u041c\u0430\u0441\u0442\u0435\u0440 \u041a\u0441&#8217;\u0431\u0443\u0438\u043b\u0434\u0435\u0440 \u0433\u0435\u043b \u0458\u0435 \u0444\u043e\u0440\u043c\u0443\u043b\u0438\u0441\u0430\u043d \u0441\u0430 &#8220;\u043b\u043e\u0432 \u0445\u0435\u0430\u0442&#8221; \u0442\u0435\u0445\u043d\u043e\u043b\u043e\u0433\u0438\u0458\u043e\u043c, \u043a\u043e\u0458\u0430 \u0441\u043c\u0430\u045a\u0443\u0458\u0435 \u043e\u0441\u0435\u045b\u0430\u0458 \u0442\u043e\u043f\u043b\u043e\u0442\u0435 \u0438\u043b\u0438 \u043f\u0435\u0446\u043a\u0430\u045a\u0430 \u043d\u0430 \u043d\u043e\u043a\u0442\u0438\u043c\u0430 \u0442\u043e\u043a\u043e\u043c \u043f\u0440\u043e\u0446\u0435\u0441\u0430 \u043f\u043e\u043b\u0438\u043c\u0435\u0440\u0438\u0437\u0430\u0446\u0438\u0458\u0435 \u0443 \u0423\u0412 \u0438\u043b\u0438 \u041b\u0415\u0414 \u043b\u0430\u043c\u043f\u0430\u043c\u0430, \u0448\u0442\u043e \u0446\u0435\u043e \u043f\u0440\u043e\u0446\u0435\u0441 \u0447\u0438\u043d\u0438 \u043f\u0440\u0438\u0458\u0430\u0442\u043d\u0438\u0458\u0438\u043c.<\/span><\/span><\/span><\/p>\n<p class=\"cvGsUA direction-ltr align-start para-style-body\"><span class=\"OYPEnA font-feature-liga-off font-feature-clig-off font-feature-calt-off text-decoration-none text-strikethrough-none\"><span style=\"vertical-align: inherit;\"><span style=\"vertical-align: inherit;\">2. \u0410\u043d\u0445\u0438\u0434\u0440\u043e\u0432\u0430\u043d\u0438 \u0441\u0430\u0441\u0442\u0430\u0432:<\/span><\/span><\/span><\/p>\n<p class=\"cvGsUA direction-ltr align-start para-style-body\"><span class=\"OYPEnA font-feature-liga-off font-feature-clig-off font-feature-calt-off text-decoration-none text-strikethrough-none\"><span style=\"vertical-align: inherit;\"><span style=\"vertical-align: inherit;\">\u0413\u0435\u043b \u043d\u0435 \u0441\u0430\u0434\u0440\u0436\u0438 \u0444\u043e\u0440\u043c\u0430\u043b\u0434\u0435\u0445\u0438\u0434 \u0438 \u0442\u043e\u043b\u0443\u0435\u043d, \u0448\u0442\u043e \u0433\u0430 \u0447\u0438\u043d\u0438 \u0441\u0438\u0433\u0443\u0440\u043d\u0438\u0458\u0438\u043c \u0437\u0430 \u0443\u043f\u043e\u0442\u0440\u0435\u0431\u0443, \u043f\u043e\u0441\u0435\u0431\u043d\u043e \u0437\u0430 \u043e\u043d\u0435 \u0441\u0430 \u043e\u0441\u0435\u0442\u0459\u0438\u0432\u0438\u043c \u043d\u043e\u043a\u0442\u0438\u043c\u0430 \u0438\u043b\u0438 \u043a\u043e\u0436\u043e\u043c.<\/span><\/span><\/span><\/p>\n<p class=\"cvGsUA direction-ltr align-start para-style-body\"><span class=\"OYPEnA font-feature-liga-off font-feature-clig-off font-feature-calt-off text-decoration-none text-strikethrough-none\"><span style=\"vertical-align: inherit;\"><span style=\"vertical-align: inherit;\">3. \u0412\u0438\u0448\u0435\u043d\u0430\u043c\u0435\u043d\u0441\u043a\u0430 \u0443\u043f\u043e\u0442\u0440\u0435\u0431\u0430:<\/span><\/span><\/span><\/p>\n<p class=\"cvGsUA direction-ltr align-start para-style-body\"><span class=\"OYPEnA font-feature-liga-off font-feature-clig-off font-feature-calt-off text-decoration-none text-strikethrough-none\"><span style=\"vertical-align: inherit;\"><span style=\"vertical-align: inherit;\">\u041c\u0430\u0441\u0442\u0435\u0440 \u041a\u0441&#8217;\u0431\u0443\u0438\u043b\u0434\u0435\u0440 \u0433\u0435\u043b \u0458\u0435 \u0438\u0437\u0443\u0437\u0435\u0442\u043d\u043e \u0441\u0432\u0435\u0441\u0442\u0440\u0430\u043d \u2013 \u043c\u043e\u0436\u0435 \u0441\u0435 \u043a\u043e\u0440\u0438\u0441\u0442\u0438\u0442\u0438 \u0434\u0438\u0440\u0435\u043a\u0442\u043d\u043e \u043d\u0430 \u043d\u043e\u043a\u0430\u0442 \u0438\u043b\u0438 \u0441\u0438\u043f\u0430\u0442\u0438 \u043f\u0440\u0435\u043a\u043e \u0448\u0430\u0431\u043b\u043e\u043d\u0430. \u041f\u043e\u0440\u0435\u0434 \u0442\u043e\u0433\u0430, \u0433\u0435\u043b \u0441\u0435 \u043c\u043e\u0436\u0435 \u0443\u0448\u0442\u0438\u043f\u043d\u0443\u0442\u0438 \u043d\u0430\u043a\u043e\u043d \u0441\u0430\u043c\u043e 15 \u0441\u0435\u043a\u0443\u043d\u0434\u0438 \u0432\u0440\u0435\u043c\u0435\u043d\u0430 \u0441\u0443\u0448\u0435\u045a\u0430, \u0434\u0430\u0458\u0443\u045b\u0438 \u0432\u0430\u043c \u043f\u0440\u0435\u0446\u0438\u0437\u043d\u0443 \u043a\u043e\u043d\u0442\u0440\u043e\u043b\u0443 \u043d\u0430\u0434 \u043e\u0431\u043b\u0438\u043a\u043e\u0432\u0430\u045a\u0435\u043c \u043d\u043e\u043a\u0442\u0438\u0458\u0443.<\/span><\/span><\/span><\/p>\n<p class=\"cvGsUA direction-ltr align-start para-style-body\"><span class=\"OYPEnA font-feature-liga-off font-feature-clig-off font-feature-calt-off text-decoration-none text-strikethrough-none\"><span style=\"vertical-align: inherit;\"><span style=\"vertical-align: inherit;\">4. \u0411\u0440\u0437\u043e \u0441\u0443\u0448\u0435\u045a\u0435:<\/span><\/span><\/span><\/p>\n<p class=\"cvGsUA direction-ltr align-start para-style-body\"><span class=\"OYPEnA font-feature-liga-off font-feature-clig-off font-feature-calt-off text-decoration-none text-strikethrough-none\"><span style=\"vertical-align: inherit;\"><span style=\"vertical-align: inherit;\">\u041e\u0432\u0430\u0458 \u0433\u0435\u043b \u0441\u0435 \u0441\u0443\u0448\u0438 \u0437\u0430 \u0441\u0430\u043c\u043e 60 \u0441\u0435\u043a\u0443\u043d\u0434\u0438 \u0443 \u041b\u0415\u0414 \u0438 \u043a\u043e\u043c\u0431\u0438\u043d\u043e\u0432\u0430\u043d\u043e\u0458 \u043b\u0430\u043c\u043f\u0438, \u0434\u043e\u043a \u0441\u0443\u0448\u0435\u045a\u0435 \u0442\u0440\u0430\u0458\u0435 2 \u043c\u0438\u043d\u0443\u0442\u0430 \u0443 \u0423\u0412 \u043b\u0430\u043c\u043f\u0438. \u0411\u0440\u0437\u0438\u043d\u0430 \u0441\u0443\u0448\u0435\u045a\u0430 \u043e\u043c\u043e\u0433\u0443\u045b\u0430\u0432\u0430 \u0435\u0444\u0438\u043a\u0430\u0441\u043d\u0438\u0458\u0438 \u0440\u0430\u0434 \u0438 \u0431\u0440\u0436\u0435 \u0441\u0442\u0432\u0430\u0440\u0430\u045a\u0435 \u043c\u0430\u043d\u0438\u043a\u0438\u0440\u0430.<\/span><\/span><\/span><\/p>\n<p class=\"cvGsUA direction-ltr align-start para-style-body\"><span class=\"OYPEnA font-feature-liga-off font-feature-clig-off font-feature-calt-off text-decoration-none text-strikethrough-none\"><span style=\"vertical-align: inherit;\"><span style=\"vertical-align: inherit;\">5. \u0415\u0444\u0435\u043a\u0430\u0442 \u0441\u0430\u043c\u043e\u043d\u0438\u0432\u0435\u043b\u0438\u0441\u0430\u045a\u0430:<\/span><\/span><\/span><\/p>\n<p class=\"cvGsUA direction-ltr align-start para-style-body\"><span class=\"OYPEnA font-feature-liga-off font-feature-clig-off font-feature-calt-off text-decoration-none text-strikethrough-none\"><span style=\"vertical-align: inherit;\"><span style=\"vertical-align: inherit;\">\u041e\u043c\u043e\u0433\u0443\u045b\u0430\u0432\u0430 \u043b\u0430\u043a\u043e \u043d\u0438\u0432\u0435\u043b\u0438\u0441\u0430\u045a\u0435, \u0431\u0435\u0437 \u043f\u0440\u043e\u0441\u0438\u043f\u0430\u045a\u0430 \u0438 \u043f\u043e\u043c\u0435\u0440\u0430\u045a\u0430 \u0442\u043e\u043a\u043e\u043c \u0440\u0430\u0434\u0430.<\/span><\/span><\/span><\/p>\n<p class=\"cvGsUA direction-ltr align-start para-style-body\"><span class=\"OYPEnA font-feature-liga-off font-feature-clig-off font-feature-calt-off text-decoration-none text-strikethrough-none\"><span style=\"vertical-align: inherit;\"><span style=\"vertical-align: inherit;\">\u0417\u0430 \u0440\u0430\u0437\u043b\u0438\u043a\u0443 \u043e\u0434 \u041f\u0440\u0435\u043c\u0438\u0443\u043c \u0411\u0443\u0438\u043b\u0434\u0435\u0440 \u0433\u0435\u043b\u043e\u0432\u0430, \u043a\u043e\u0458\u0438 \u0438\u043c\u0430\u0458\u0443 \u0441\u0440\u0435\u0434\u045a\u0443 \u0433\u0443\u0441\u0442\u0438\u043d\u0443 \u0438 \u0442\u0432\u0440\u0434\u0443 \u0442\u0435\u043a\u0441\u0442\u0443\u0440\u0443 \u0436\u0435\u043b\u0435\u0430, \u041c\u0430\u0441\u0442\u0435\u0440 \u041a\u0441&#8217;\u0431\u0443\u0438\u043b\u0434\u0435\u0440 \u0433\u0435\u043b \u0434\u043e\u043b\u0430\u0437\u0438 \u0441\u0430 \u0434\u043e\u0434\u0430\u0442\u043d\u0438\u043c \u043f\u0440\u0435\u0434\u043d\u043e\u0441\u0442\u0438\u043c\u0430 \u043a\u0430\u043e \u0448\u0442\u043e \u0441\u0443\u00a0 <\/span><\/span><strong><span style=\"vertical-align: inherit;\"><span style=\"vertical-align: inherit;\">\u0444\u043e\u0440\u043c\u0443\u043b\u0430 \u201e\u043d\u0438\u0441\u043a\u0435 \u0442\u043e\u043f\u043b\u043e\u0442\u0435\u201c \u0438 \u0441\u0430\u0441\u0442\u0430\u0432 \u0431\u0435\u0437 \u043a\u0438\u0441\u0435\u043b\u0438\u043d\u0430.\u00a0<\/span><\/span><\/strong><span style=\"vertical-align: inherit;\"><span style=\"vertical-align: inherit;\"> \u0414\u043e\u043a \u0458\u0435 \u041f\u0440\u0435\u043c\u0438\u0443\u043c \u0411\u0443\u0438\u043b\u0434\u0435\u0440 \u0413\u0435\u043b \u043e\u0434\u043b\u0438\u0447\u0430\u043d \u0437\u0430 \u0458\u0435\u0434\u043d\u043e\u0441\u0442\u0430\u0432\u043d\u0443 \u043f\u0440\u0438\u043c\u0435\u043d\u0443 \u0438 \u043c\u0430\u043d\u0438\u043f\u0443\u043b\u0430\u0446\u0438\u0458\u0443, \u041c\u0430\u0441\u0442\u0435\u0440 \u041a\u0441&#8217;\u0431\u0443\u0438\u043b\u0434\u0435\u0440 \u0433\u0435\u043b \u0434\u043e\u043d\u043e\u0441\u0438 \u043f\u043e\u0431\u043e\u0459\u0448\u0430\u043d\u043e \u0438\u0441\u043a\u0443\u0441\u0442\u0432\u043e \u0441\u0430 \u043f\u043e\u0432\u0435\u045b\u0430\u043d\u043e\u043c \u0443\u0434\u043e\u0431\u043d\u043e\u0448\u045b\u0443 \u0438 \u0431\u0435\u0437\u0431\u0435\u0434\u043d\u043e\u0448\u045b\u0443 \u0437\u0430 \u043a\u0440\u0430\u0458\u045a\u0435\u0433 \u043a\u043e\u0440\u0438\u0441\u043d\u0438\u043a\u0430.<\/span><\/span><\/span><\/p>\n<p class=\"cvGsUA direction-ltr align-start para-style-body\"><strong><span class=\"OYPEnA font-feature-liga-off font-feature-clig-off font-feature-calt-off text-decoration-none text-strikethrough-none\"><span style=\"vertical-align: inherit;\"><span style=\"vertical-align: inherit;\">\u041f\u0430\u043a\u043e\u0432\u0430\u045a\u0435: 15\u0433<\/span><\/span><\/span><\/strong><\/p>\n","protected":false},"excerpt":{"rendered":"<p class=\"cvGsUA direction-ltr align-start para-style-body\"><span class=\"OYPEnA font-feature-liga-off font-feature-clig-off font-feature-calt-off text-decoration-none text-strikethrough-none\">1. Low Heat Formula:<\/span><\/p>\n<p class=\"cvGsUA direction-ltr align-start para-style-body\"><span class=\"OYPEnA font-feature-liga-off font-feature-clig-off font-feature-calt-off text-decoration-none text-strikethrough-none\">Master X&#8217;builder gel je formulisan sa tehnologijom &#8220;low heat,&#8221; koja smanjuje osje\u0107aj toplote ili peckanja na noktima tokom procesa polimerizacije u UV ili LED lampi, \u0161to \u010dini cijeli proces prijatnijim.<\/span><\/p>\n<p class=\"cvGsUA direction-ltr align-start para-style-body\"><span class=\"OYPEnA font-feature-liga-off font-feature-clig-off font-feature-calt-off text-decoration-none text-strikethrough-none\">2. Beskisjelinski Sastav:<\/span><\/p>\n<p class=\"cvGsUA direction-ltr align-start para-style-body\"><span class=\"OYPEnA font-feature-liga-off font-feature-clig-off font-feature-calt-off text-decoration-none text-strikethrough-none\">Gel ne sadr\u017ei formaldehid i toluen, \u0161to ga \u010dini sigurnijim za upotrebu, posebno za one sa osjetljivim noktima ili ko\u017eom.<\/span><\/p>\n<p class=\"cvGsUA direction-ltr align-start para-style-body\"><span class=\"OYPEnA font-feature-liga-off font-feature-clig-off font-feature-calt-off text-decoration-none text-strikethrough-none\">3. Vi\u0161enamjenska Upotreba:<\/span><\/p>\n<p class=\"cvGsUA direction-ltr align-start para-style-body\"><span class=\"OYPEnA font-feature-liga-off font-feature-clig-off font-feature-calt-off text-decoration-none text-strikethrough-none\">Master X&#8217;builder gel je izuzetno svestran \u2013 mo\u017ee se koristiti direktno na noktu ili za izlivanje preko \u0161ablona. Dodatno, gel se mo\u017ee pin\u010dovati nakon samo 15 sekundi su\u0161enja, omogu\u0107avaju\u0107i vam preciznu kontrolu nad oblikovanjem noktiju.<\/span><\/p>\n<p class=\"cvGsUA direction-ltr align-start para-style-body\"><span class=\"OYPEnA font-feature-liga-off font-feature-clig-off font-feature-calt-off text-decoration-none text-strikethrough-none\">4. Brzo Su\u0161enje:<\/span><\/p>\n<p class=\"cvGsUA direction-ltr align-start para-style-body\"><span class=\"OYPEnA font-feature-liga-off font-feature-clig-off font-feature-calt-off text-decoration-none text-strikethrough-none\">Ovaj gel su\u0161i se za samo 60 sekundi u LED i kombinovanoj lampi, dok u UV lampi su\u0161enje traje 2 minuta. Brzina su\u0161enja omogu\u0107ava efikasniji rad i br\u017eu izradu manikira.<\/span><\/p>\n<p class=\"cvGsUA direction-ltr align-start para-style-body\"><span class=\"OYPEnA font-feature-liga-off font-feature-clig-off font-feature-calt-off text-decoration-none text-strikethrough-none\">5. Samoniveli\u0161u\u0107i Efekat:<\/span><\/p>\n<p class=\"cvGsUA direction-ltr align-start para-style-body\"><span class=\"OYPEnA font-feature-liga-off font-feature-clig-off font-feature-calt-off text-decoration-none text-strikethrough-none\">Omogu\u0107ava lako nivelisanje, bez slivanja i pomjeranja tokom rada.<\/span><\/p>\n<p class=\"cvGsUA direction-ltr align-start para-style-body\"><span class=\"OYPEnA font-feature-liga-off font-feature-clig-off font-feature-calt-off text-decoration-none text-strikethrough-none\">Za razliku od Premium Builder Gel-ova, koji imaju srednju gustinu i hard jelly teksturu, Master X&#8217;builder gel dolazi s dodatnim prednostima kao \u0161to su\u00a0<strong>&#8220;low heat&#8221; formula i beskisjelinski sastav.\u00a0<\/strong>Dok je Premium Builder Gel odli\u010dan za jednostavno nano\u0161enje i manipulaciju, Master X&#8217;builder gel donosi unaprije\u0111eno iskustvo sa pove\u0107anim komforom i sigurno\u0161\u0107u za krajnjeg korisnika.<\/span><\/p>\n<p class=\"cvGsUA direction-ltr align-start para-style-body\"><strong><span class=\"OYPEnA font-feature-liga-off font-feature-clig-off font-feature-calt-off text-decoration-none text-strikethrough-none\">Pakovanje: 15g<\/span><\/strong><\/p>\n","protected":false},"author":6,"featured_media":16155,"comment_status":"open","ping_status":"closed","template":"","meta":[],"product_cat":[448,596,592,599],"product_tag":[],"aioseo_notices":[],"_links":{"self":[{"href":"https:\/\/urbanprocosmetics.com\/en\/wp-json\/wp\/v2\/product\/16154"}],"collection":[{"href":"https:\/\/urbanprocosmetics.com\/en\/wp-json\/wp\/v2\/product"}],"about":[{"href":"https:\/\/urbanprocosmetics.com\/en\/wp-json\/wp\/v2\/types\/product"}],"author":[{"embeddable":true,"href":"https:\/\/urbanprocosmetics.com\/en\/wp-json\/wp\/v2\/users\/6"}],"replies":[{"embeddable":true,"href":"https:\/\/urbanprocosmetics.com\/en\/wp-json\/wp\/v2\/comments?post=16154"}],"wp:featuredmedia":[{"embeddable":true,"href":"https:\/\/urbanprocosmetics.com\/en\/wp-json\/wp\/v2\/media\/16155"}],"wp:attachment":[{"href":"https:\/\/urbanprocosmetics.com\/en\/wp-json\/wp\/v2\/media?parent=16154"}],"wp:term":[{"taxonomy":"product_cat","embeddable":true,"href":"https:\/\/urbanprocosmetics.com\/en\/wp-json\/wp\/v2\/product_cat?post=16154"},{"taxonomy":"product_tag","embeddable":true,"href":"https:\/\/urbanprocosmetics.com\/en\/wp-json\/wp\/v2\/product_tag?post=16154"}],"curies":[{"name":"wp","href":"https:\/\/api.w.org\/{rel}","templated":true}]}}